{"id":8172,"date":"2022-10-12T13:30:25","date_gmt":"2022-10-12T13:30:25","guid":{"rendered":"https:\/\/www.clickoferta.es\/?page_id=8172"},"modified":"2022-10-12T13:30:57","modified_gmt":"2022-10-12T13:30:57","slug":"landing-page-2-2-3","status":"publish","type":"page","link":"https:\/\/www.clickoferta.es\/?page_id=8172","title":{"rendered":"Pol\u00edtica de cookies"},"content":{"rendered":"<div class=\"show_more\">\n<div class=\"wpsm-content\">\n<h4>1. POL\u00cdTICA DE COOKIES<\/h4>\n<\/div>\n<\/div>\n<h4><span style=\"color: #333333;\"><br \/>\n\u00bfQu\u00e9 es una cookie?<\/span><\/h4>\n<p>Una cookie es un peque\u00f1o archivo de texto que un sitio web coloca en su PC, tel\u00e9fono, Tablet o cualquier otro dispositivo con informaci\u00f3n sobre su navegaci\u00f3n en dicho sitio web. Las cookies son necesarias para facilitar la navegaci\u00f3n y hacerla m\u00e1s c\u00f3moda, y no da\u00f1an su PC.<\/p>\n<p>Aunque en este documento normativo se una el t\u00e9rmino general de cookie, puesto que es el principal m\u00e9todo de almacenamiento de informaci\u00f3n que emplea este sitio web, se usa el espacio de almacenamiento local del navegador para los mismos fines que las cookies. En este sentido, toda la informaci\u00f3n incluida en esta secci\u00f3n se aplica tambi\u00e9n a este almacenamiento local.<\/p>\n<p>\u00bfPara qu\u00e9 se usan las cookies?<\/p>\n<p>Las cookies son parte esencial del modo en que funciona nuestro sitio web. Los principales objetivos de nuestras cookies son mejorar su experiencia de navegaci\u00f3n. Por ejemplo, las cookies nos ayudan a identificarle (si ya est\u00e1 registrado en nuestro sitio web), a recordar sus preferencias (idioma, localidad\u2026), durante la navegaci\u00f3n y en futuras visitas, a gestionar la cesta de la compra, a permitirle llevar a cabo las compras\u2026<\/p>\n<p>La informaci\u00f3n recopilada en las cookies nos permite tambi\u00e9n mejorar el sitio web, mediante estimaciones de las cantidades y los patrones de uso, la adaptaci\u00f3n del sitio web a los intereses de los usuarios, la velocidad mejorada\u2026<\/p>\n<p>\u00bfPara qu\u00e9 NO se usan las cookies en este sitio web?<\/p>\n<p>No almacenamos informaci\u00f3n sensible de identificaci\u00f3n personal como puede ser su direcci\u00f3n, contrase\u00f1a o datos de su tarjeta de cr\u00e9dito en las cookies que usamos. Tampoco usamos las cookies para dirigir publicidad a nuestros usuarios de acuerdo con su navegaci\u00f3n ni para otros fines publicitarios, ni nuestros ni de terceros.<\/p>\n<p>\u00bfQui\u00e9n usa la informaci\u00f3n almacenada en las cookies?<\/p>\n<p>La informaci\u00f3n almacenada en las cookies de nuestro sitio web es usada \u00fanica y exclusivamente por nosotros, a excepci\u00f3n de la de Google Analytics, que es usada y gestionada por Google y por nosotros con fines estad\u00edsticos, y la cookie de an\u00e1lisis de operaciones de pago, que se genera exclusivamente cuando se efect\u00faa una compra y es analizada por una empresa externa con el objetivo de ofrecer garant\u00edas suficientes sobre las operaciones de pago realizadas.<\/p>\n<p>\u00bfPuede desactivarse el uso de cookies?<\/p>\n<p>S\u00ed, las cookies pueden desactivarse. No obstante, si usted selecciona esta configuraci\u00f3n puede que no pueda acceder a ciertas partes o servicios de nuestra p\u00e1gina web, puede ocasionarle una navegaci\u00f3n menos eficaz.<\/p>\n<p>Si prefiere restringir, bloquear o borrar las cookies de este sitio web, puede hacerlo modificando la configuraci\u00f3n en su navegador.<\/p>\n<p>2. \u00bfC\u00d3MO RECHAZAR O BLOQUEAR EL USO DE COOKIES?<\/p>\n<p>Puedes configurar tu navegador de manera que las rechace o para solicitar que se te notifique cu\u00e1ndo se utiliza una cookie.<\/p>\n<p>Cada navegador dispone de diferentes configuraciones y por ello facilitamos los enlaces en los que podr\u00e1s obtener informaci\u00f3n acerca de las cookies y datos de sitio en los navegadores m\u00e1s habituales:<\/p>\n<p>Google Chrome<br \/>\nMozilla Firefox<br \/>\nInternet Explorer<br \/>\nSafari<br \/>\nOpera<br \/>\n3. TIPOS DE COOKIES UTILIZADAS POR Ofertas Prive.<\/p>\n<p>Preferencias del Usuario: Mediante estas cookies nuestra web recuerda informaci\u00f3n como por ejemplo: si has aceptado o no los t\u00e9rminos de uso, o cu\u00e1l ha sido tu \u00faltima provincia visitada.<br \/>\nSeguridad: Para autenticar a los usuarios y evitar que otros usuarios no autorizados puedan usar tu cuenta.<br \/>\nGoogle Analytics: Google Analytics es una herramienta de an\u00e1lisis web que permite a los propietarios de sitios web conocer c\u00f3mo interact\u00faan los usuarios en su sitio web.<br \/>\n4. ACTUALIZACI\u00d3N DE LA POL\u00cdTICA DE COOKIES.<\/p>\n<p>Ofertas Prive puede modificar esta \u2018Pol\u00edtica de Cookies&#8217; en funci\u00f3n de exigencias legislativas dictadas por la Agencia Espa\u00f1ola de Protecci\u00f3n de Datos.<\/p>\n","protected":false},"excerpt":{"rendered":"<p>1. POL\u00cdTICA DE COOKIES \u00bfQu\u00e9 es una cookie? Una cookie es un peque\u00f1o archivo de texto que un sitio web coloca en su PC, tel\u00e9fono, Tablet o cualquier otro dispositivo con informaci\u00f3n sobre su navegaci\u00f3n en dicho sitio web. Las cookies son necesarias para facilitar la navegaci\u00f3n y hacerla m\u00e1s c\u00f3moda, y no da\u00f1an su [&hellip;]<\/p>\n","protected":false},"author":1,"featured_media":0,"parent":0,"menu_order":0,"comment_status":"closed","ping_status":"closed","template":"","meta":{"footnotes":""},"class_list":["post-8172","page","type-page","status-publish","hentry"],"_links":{"self":[{"href":"https:\/\/www.clickoferta.es\/index.php?rest_route=\/wp\/v2\/pages\/8172","targetHints":{"allow":["GET"]}}],"collection":[{"href":"https:\/\/www.clickoferta.es\/index.php?rest_route=\/wp\/v2\/pages"}],"about":[{"href":"https:\/\/www.clickoferta.es\/index.php?rest_route=\/wp\/v2\/types\/page"}],"author":[{"embeddable":true,"href":"https:\/\/www.clickoferta.es\/index.php?rest_route=\/wp\/v2\/users\/1"}],"replies":[{"embeddable":true,"href":"https:\/\/www.clickoferta.es\/index.php?rest_route=%2Fwp%2Fv2%2Fcomments&post=8172"}],"version-history":[{"count":3,"href":"https:\/\/www.clickoferta.es\/index.php?rest_route=\/wp\/v2\/pages\/8172\/revisions"}],"predecessor-version":[{"id":8327,"href":"https:\/\/www.clickoferta.es\/index.php?rest_route=\/wp\/v2\/pages\/8172\/revisions\/8327"}],"wp:attachment":[{"href":"https:\/\/www.clickoferta.es\/index.php?rest_route=%2Fwp%2Fv2%2Fmedia&parent=8172"}],"curies":[{"name":"wp","href":"https:\/\/api.w.org\/{rel}","templated":true}]}}